{"id":43,"date":"2018-04-25T22:30:36","date_gmt":"2018-04-25T20:30:36","guid":{"rendered":"http:\/\/tc-schoeffengrund.de\/?page_id=43"},"modified":"2018-11-22T22:14:49","modified_gmt":"2018-11-22T20:14:49","slug":"impressum","status":"publish","type":"page","link":"http:\/\/tc-schoeffengrund.de\/?page_id=43","title":{"rendered":"Impressum"},"content":{"rendered":"<h3>Angaben gem\u00e4\u00df \u00a7 5 TMG:<\/h3>\n<p>TC Sch\u00f6ffengrund 1985 e.V.<br \/>\nSteinstra\u00dfe 17<br \/>\n35641 Sch\u00f6ffengrund Schwalbach<\/p>\n<p>Telefon: 06445 \u2013 92198<\/p>\n<p><strong>Kontakt:<\/strong><\/p>\n<p>E-Mail: kontakt[at]tc-schoeffengrund.de<\/p>\n<p>&nbsp;<\/p>\n<p><strong>Verantwortlich f\u00fcr den Inhalt nach \u00a7 55 Abs. 2 RStV:<\/strong><\/p>\n<p>TC Sch\u00f6ffengrund 1985 e.V.<br \/>\nVertreten durch: Lars Sch\u00e4fer (Sportwart), In den G\u00e4rten 1, 35641 Sch\u00f6ffengrund<\/p>\n<p><strong>Bildmaterial<\/strong><\/p>\n<p>Mitglieder und Freunde des TC Sch\u00f6ffengrund.<\/p>\n<p><strong>Haftung<\/strong><\/p>\n<p>Unsere Webpr\u00e4sentation mit ihren enthaltenen Informationen wurden mit gr\u00f6\u00dfter Sorgfalt erstellt. F\u00fcr die Richtigkeit sowie Vollst\u00e4ndigkeit der Inhalte k\u00f6nnen wir trotzdem keine Gew\u00e4hr \u00fcbernehmen.<\/p>\n<p>F\u00fcr den Fall, dass Sie von unserer Internetseite auf eine andere Website mit rechtswidrigen Inhalt gelangen, so wird daf\u00fcr keinerlei Haftung \u00fcbernommen. Sollten Sie Kenntnis von solchen Verlinkungen erhalten, so teilen Sie uns dieses bitte mit, damit wir den Link schnellstm\u00f6glich entfernen k\u00f6nnen.<\/p>\n<p><strong>Urheberrecht<\/strong><\/p>\n<p>Alle Inhalte dieses Angebotes sind urheberrechtlich gesch\u00fctzt. Eine weitergehende Ver\u00f6ffentlichung, Verwertung sowie Erfassung f\u00fcr Print- und elektronische Medien bedarf \u2013 soweit nicht anders erw\u00e4hnt \u2013 der Genehmigung des TC Sch\u00f6ffengrund 1985 e.V. oder des jeweiligen Urheberrechts-Inhabers.<\/p>\n","protected":false},"excerpt":{"rendered":"<p>Angaben gem\u00e4\u00df \u00a7 5 TMG: TC Sch\u00f6ffengrund 1985 e.V. Steinstra\u00dfe 17 35641 Sch\u00f6ffengrund Schwalbach Telefon: 06445 \u2013 92198 Kontakt: E-Mail:<\/p>\n","protected":false},"author":1,"featured_media":0,"parent":0,"menu_order":0,"comment_status":"closed","ping_status":"closed","template":"","meta":{"ngg_post_thumbnail":0,"footnotes":""},"class_list":["post-43","page","type-page","status-publish","hentry"],"_links":{"self":[{"href":"http:\/\/tc-schoeffengrund.de\/index.php?rest_route=\/wp\/v2\/pages\/43","targetHints":{"allow":["GET"]}}],"collection":[{"href":"http:\/\/tc-schoeffengrund.de\/index.php?rest_route=\/wp\/v2\/pages"}],"about":[{"href":"http:\/\/tc-schoeffengrund.de\/index.php?rest_route=\/wp\/v2\/types\/page"}],"author":[{"embeddable":true,"href":"http:\/\/tc-schoeffengrund.de\/index.php?rest_route=\/wp\/v2\/users\/1"}],"replies":[{"embeddable":true,"href":"http:\/\/tc-schoeffengrund.de\/index.php?rest_route=%2Fwp%2Fv2%2Fcomments&post=43"}],"version-history":[{"count":5,"href":"http:\/\/tc-schoeffengrund.de\/index.php?rest_route=\/wp\/v2\/pages\/43\/revisions"}],"predecessor-version":[{"id":172,"href":"http:\/\/tc-schoeffengrund.de\/index.php?rest_route=\/wp\/v2\/pages\/43\/revisions\/172"}],"wp:attachment":[{"href":"http:\/\/tc-schoeffengrund.de\/index.php?rest_route=%2Fwp%2Fv2%2Fmedia&parent=43"}],"curies":[{"name":"wp","href":"https:\/\/api.w.org\/{rel}","templated":true}]}}