{"id":42,"date":"2018-04-25T22:30:36","date_gmt":"2018-04-25T20:30:36","guid":{"rendered":"http:\/\/tc-schoeffengrund.de\/?page_id=42"},"modified":"2019-01-10T21:48:10","modified_gmt":"2019-01-10T19:48:10","slug":"kontakt","status":"publish","type":"page","link":"http:\/\/tc-schoeffengrund.de\/?page_id=42","title":{"rendered":"Kontakt"},"content":{"rendered":"<h2><strong>TC Sch\u00f6ffengrund 1985 e.V. <\/strong><\/h2>\n<p>Steinstra\u00dfe 17<br \/>\n35641 Sch\u00f6ffengrund Schwalbach<\/p>\n<p><strong>Telefon: 06445 &#8211; 92198<\/strong><br \/>\n<strong>Mobil:&nbsp;&nbsp;0177 \u2013 4133035 (S. Wagner)<br \/>\n<\/strong><\/p>\n<p>E-Mail: kontakt[at]tc-schoeffengrund.de<\/p>\n<p>&nbsp;<\/p>\n<h2>So finden Sie uns<\/h2>\n<p><iframe loading=\"lazy\" style=\"border: 0;\" src=\"https:\/\/www.google.com\/maps\/embed?pb=!1m18!1m12!1m3!1d1067.25033877557!2d8.473376731402203!3d50.490194127057194!2m3!1f0!2f0!3f0!3m2!1i1024!2i768!4f13.1!3m3!1m2!1s0x47bc51d17e6303a5%3A0x2416b1ed7579c628!2sSteinstra%C3%9Fe+17%2C+35641+Sch%C3%B6ffengrund%2C+Germany!5e0!3m2!1sen!2sus!4v1488397857630\" allowfullscreen=\"allowfullscreen\" width=\"600\" height=\"450\" frameborder=\"0\"><\/iframe><\/p>\n<p>&nbsp;<\/p>\n","protected":false},"excerpt":{"rendered":"<p>TC Sch\u00f6ffengrund 1985 e.V. Steinstra\u00dfe 17 35641 Sch\u00f6ffengrund Schwalbach Telefon: 06445 &#8211; 92198 Mobil:&nbsp;&nbsp;0177 \u2013 4133035 (S. Wagner) E-Mail: kontakt[at]tc-schoeffengrund.de<\/p>\n","protected":false},"author":1,"featured_media":0,"parent":0,"menu_order":0,"comment_status":"closed","ping_status":"closed","template":"","meta":{"ngg_post_thumbnail":0,"footnotes":""},"class_list":["post-42","page","type-page","status-publish","hentry"],"_links":{"self":[{"href":"http:\/\/tc-schoeffengrund.de\/index.php?rest_route=\/wp\/v2\/pages\/42","targetHints":{"allow":["GET"]}}],"collection":[{"href":"http:\/\/tc-schoeffengrund.de\/index.php?rest_route=\/wp\/v2\/pages"}],"about":[{"href":"http:\/\/tc-schoeffengrund.de\/index.php?rest_route=\/wp\/v2\/types\/page"}],"author":[{"embeddable":true,"href":"http:\/\/tc-schoeffengrund.de\/index.php?rest_route=\/wp\/v2\/users\/1"}],"replies":[{"embeddable":true,"href":"http:\/\/tc-schoeffengrund.de\/index.php?rest_route=%2Fwp%2Fv2%2Fcomments&post=42"}],"version-history":[{"count":3,"href":"http:\/\/tc-schoeffengrund.de\/index.php?rest_route=\/wp\/v2\/pages\/42\/revisions"}],"predecessor-version":[{"id":195,"href":"http:\/\/tc-schoeffengrund.de\/index.php?rest_route=\/wp\/v2\/pages\/42\/revisions\/195"}],"wp:attachment":[{"href":"http:\/\/tc-schoeffengrund.de\/index.php?rest_route=%2Fwp%2Fv2%2Fmedia&parent=42"}],"curies":[{"name":"wp","href":"https:\/\/api.w.org\/{rel}","templated":true}]}}