{"id":34,"date":"2018-04-25T22:30:36","date_gmt":"2018-04-25T20:30:36","guid":{"rendered":"http:\/\/tc-schoeffengrund.de\/?page_id=34"},"modified":"2019-02-27T13:14:23","modified_gmt":"2019-02-27T11:14:23","slug":"mitgliedsbeitraege","status":"publish","type":"page","link":"http:\/\/tc-schoeffengrund.de\/?page_id=34","title":{"rendered":"Mitgliedsbeitr\u00e4ge"},"content":{"rendered":"<p>Die aktuellen Mitgliedsbeitr\u00e4ge des TC Sch\u00f6ffengrund e.V. entnehmen Sie bitte unserem Mitgliedsantrag:<\/p>\n<p><a href=\"http:\/\/tc-schoeffengrund.de\/wp-content\/uploads\/2018\/05\/Mitgliedsantrag-TCS.pdf\">Mitgliedsantrag TCS<\/a><\/p>\n\n\n<p><\/p>\n","protected":false},"excerpt":{"rendered":"<p>Die aktuellen Mitgliedsbeitr\u00e4ge des TC Sch\u00f6ffengrund e.V. entnehmen Sie bitte unserem Mitgliedsantrag: Mitgliedsantrag TCS<\/p>\n","protected":false},"author":1,"featured_media":0,"parent":0,"menu_order":0,"comment_status":"closed","ping_status":"closed","template":"","meta":{"ngg_post_thumbnail":0,"footnotes":""},"class_list":["post-34","page","type-page","status-publish","hentry"],"_links":{"self":[{"href":"http:\/\/tc-schoeffengrund.de\/index.php?rest_route=\/wp\/v2\/pages\/34","targetHints":{"allow":["GET"]}}],"collection":[{"href":"http:\/\/tc-schoeffengrund.de\/index.php?rest_route=\/wp\/v2\/pages"}],"about":[{"href":"http:\/\/tc-schoeffengrund.de\/index.php?rest_route=\/wp\/v2\/types\/page"}],"author":[{"embeddable":true,"href":"http:\/\/tc-schoeffengrund.de\/index.php?rest_route=\/wp\/v2\/users\/1"}],"replies":[{"embeddable":true,"href":"http:\/\/tc-schoeffengrund.de\/index.php?rest_route=%2Fwp%2Fv2%2Fcomments&post=34"}],"version-history":[{"count":4,"href":"http:\/\/tc-schoeffengrund.de\/index.php?rest_route=\/wp\/v2\/pages\/34\/revisions"}],"predecessor-version":[{"id":216,"href":"http:\/\/tc-schoeffengrund.de\/index.php?rest_route=\/wp\/v2\/pages\/34\/revisions\/216"}],"wp:attachment":[{"href":"http:\/\/tc-schoeffengrund.de\/index.php?rest_route=%2Fwp%2Fv2%2Fmedia&parent=34"}],"curies":[{"name":"wp","href":"https:\/\/api.w.org\/{rel}","templated":true}]}}