{"id":104,"date":"2018-05-04T22:38:23","date_gmt":"2018-05-04T20:38:23","guid":{"rendered":"http:\/\/tc-schoeffengrund.de\/?page_id=104"},"modified":"2019-04-11T12:54:10","modified_gmt":"2019-04-11T10:54:10","slug":"training","status":"publish","type":"page","link":"http:\/\/tc-schoeffengrund.de\/?page_id=104","title":{"rendered":"Training"},"content":{"rendered":"<p><strong>Trainingsstunden<\/strong><\/p>\n<p>Trainingsstunden, sowohl f\u00fcr Kinder\/Jugendliche als auch Erwachsene, k\u00f6nnen bei unseren beiden erfahrenen \u00dcbungsleitern J\u00fcrgen Czapiewski und Peter Wenzel in Anspruch genommen werden. Bei Interesse bitte per Email (s. <a href=\"http:\/\/tc-schoeffengrund.de\/?page_id=42\">Kontakt<\/a>) oder direkt bei einem der Trainer oder Vorstandsmitglieder Kontakt aufnehmen.<\/p>\n<p>Erl\u00e4uterung\/Kosten:<\/p>\n<p>Die Sommersaison beginnt von nun an am 01.05. das aktuellen Jahres und endet am 30.09. (5 Monate).<br \/>\nDie Wintersaison beginnt somit am 01.10. und endet 30.04. des darauffolgenden Jahres (7 Monate).<\/p>\n<p>Der Monatsbeitrag ist nach Altergruppe gestaffelt:<\/p>\n<p>1. 6-14 Jahre -&gt; 30 Euro\/Monat<br \/>\n2. 15-20 Jahre -&gt; 35 Euro\/Monat<br \/>\n3. &gt; 20 Jahre -&gt; 40 Euro\/Monat<\/p>\n<p>Ihr Beitrag wird auf die Saison hochgerechnet und bel\u00e4uft sich dann in der Sommersaison auf das jeweils 5-fache und in der Wintersaison auf das jeweils 7-fache des Monatsbeitrages.<br \/>\nDer Saisonbeitrag wird somit zu Beginn der jeweiligen Saison vom TC Sch\u00f6ffengrund von dem auf ihrem Mitgliedsbeitrag angegebenen Konto abgebucht.<\/p>\n<p>Bei Fragen melden Sie sich bitte bei unserer Jugendwartin Anika Reinhardt (0157\/36959066) oder einer der beiden Trainer J\u00fcrgen Czapiewski (0171\/5819635) bzw. Peter Wenzel (0176\/21596272).<\/p>\n<p><strong>Trainingszeiten<\/strong><\/p>\n<p>Bambinis: Dienstags 15 &#8211; 16 Uhr<\/p>\n<p>Kinder: Dienstags 16 &#8211; 17 Uhr<\/p>\n<p>Juniorinnen: Freitags 15 &#8211; 16 Uhr<\/p>\n<p>Junioren: Dienstags 18 &#8211; 19 Uhr<\/p>\n<p>Damen: Dienstags 17 &#8211; 18 Uhr<\/p>\n<p>Herren 30: Donnerstags ab 18 Uhr<\/p>\n<p>Herren 50: Mittwochs ab 17 Uhr<\/p>\n<p>Herren 65: Montags ab 10 Uhr und Freitags ab 16 Uhr<\/p>\n","protected":false},"excerpt":{"rendered":"<p>Trainingsstunden Trainingsstunden, sowohl f\u00fcr Kinder\/Jugendliche als auch Erwachsene, k\u00f6nnen bei unseren beiden erfahrenen \u00dcbungsleitern J\u00fcrgen Czapiewski und Peter Wenzel in<\/p>\n","protected":false},"author":1,"featured_media":0,"parent":0,"menu_order":0,"comment_status":"closed","ping_status":"closed","template":"","meta":{"ngg_post_thumbnail":0,"footnotes":""},"class_list":["post-104","page","type-page","status-publish","hentry"],"_links":{"self":[{"href":"http:\/\/tc-schoeffengrund.de\/index.php?rest_route=\/wp\/v2\/pages\/104","targetHints":{"allow":["GET"]}}],"collection":[{"href":"http:\/\/tc-schoeffengrund.de\/index.php?rest_route=\/wp\/v2\/pages"}],"about":[{"href":"http:\/\/tc-schoeffengrund.de\/index.php?rest_route=\/wp\/v2\/types\/page"}],"author":[{"embeddable":true,"href":"http:\/\/tc-schoeffengrund.de\/index.php?rest_route=\/wp\/v2\/users\/1"}],"replies":[{"embeddable":true,"href":"http:\/\/tc-schoeffengrund.de\/index.php?rest_route=%2Fwp%2Fv2%2Fcomments&post=104"}],"version-history":[{"count":10,"href":"http:\/\/tc-schoeffengrund.de\/index.php?rest_route=\/wp\/v2\/pages\/104\/revisions"}],"predecessor-version":[{"id":260,"href":"http:\/\/tc-schoeffengrund.de\/index.php?rest_route=\/wp\/v2\/pages\/104\/revisions\/260"}],"wp:attachment":[{"href":"http:\/\/tc-schoeffengrund.de\/index.php?rest_route=%2Fwp%2Fv2%2Fmedia&parent=104"}],"curies":[{"name":"wp","href":"https:\/\/api.w.org\/{rel}","templated":true}]}}